{"id":1961,"date":"2022-07-10T01:20:58","date_gmt":"2022-07-09T22:20:58","guid":{"rendered":"https:\/\/www.felsefidusun.com\/?page_id=1961"},"modified":"2022-11-14T15:42:10","modified_gmt":"2022-11-14T12:42:10","slug":"kurullar","status":"publish","type":"page","link":"https:\/\/www.felsefidusun.com\/?page_id=1961","title":{"rendered":"kurullar"},"content":{"rendered":"<div class=\"fusion-fullwidth fullwidth-box fusion-builder-row-1 fusion-flex-container nonhundred-percent-fullwidth non-hundred-percent-height-scrolling\" style=\"background-color: rgba(255,255,255,0);background-position: center center;background-repeat: no-repeat;border-width: 0px 0px 0px 20;border-color:#ffffff;border-style:solid;\" ><div class=\"fusion-builder-row fusion-row fusion-flex-align-items-flex-start\" style=\"max-width:1144px;margin-left: calc(-4% \/ 2 );margin-right: calc(-4% \/ 2 );\"><div class=\"fusion-layout-column fusion_builder_column fusion-builder-column-0 fusion_builder_column_1_3 1_3 fusion-flex-column\"><div class=\"fusion-column-wrapper fusion-flex-justify-content-flex-start fusion-content-layout-column\" style=\"background-position:left top;background-blend-mode: overlay;background-repeat:no-repeat;-webkit-background-size:cover;-moz-background-size:cover;-o-background-size:cover;background-size:cover;padding: 0px 1px 0px 0px;\"><div class=\"fusion-text fusion-text-1\"><h3><strong style=\"font-size: 16px; line-height: 20px;\" data-fusion-font=\"true\">ED\u0130T\u00d6R<\/strong><\/h3>\n<p style=\"font-size: 16px; line-height: 20px;\" data-fusion-font=\"true\">Eylem YOLSAL MURTEZA<\/p>\n<h3 class=\"st-heading text-left\"><strong style=\"font-size: 16px; line-height: 20px;\" data-fusion-font=\"true\">YAYIN KURULU<\/strong><\/h3>\n<p style=\"font-size: 16px; line-height: 20px;\" data-fusion-font=\"true\">U\u011fur EKREN (\u0130stanbul \u00dcniversitesi)<\/p>\n<p style=\"font-size: 16px; line-height: 20px;\" data-fusion-font=\"true\">G\u00f6khan MURTEZA (K\u0131rklareli \u00dcniversitesi)<\/p>\n<p style=\"font-size: 16px; line-height: 20px;\" data-fusion-font=\"true\">Enver ORMAN (\u0130stanbul \u00dcniversitesi)<\/p>\n<p style=\"font-size: 16px; line-height: 20px;\" data-fusion-font=\"true\">Eylem YOLSAL MURTEZA (K\u0131rklareli \u00dcniversitesi)<\/p>\n<h3 class=\"st-heading text-left\"><span style=\"font-size: 12pt;\"><strong style=\"line-height: 20px;\" data-fusion-font=\"true\">\u0130NG\u0130L\u0130ZCE D\u0130L ED\u0130T\u00d6R\u00dc\u00a0 (REDAKS\u0130YON)<\/strong><\/span><\/h3>\n<p><span style=\"font-size: 12pt;\">Burcu TA\u015eKIN (K\u0131rklareli \u00dcniversitesi)<\/span><\/p>\n<\/div><\/div><style type=\"text\/css\">.fusion-body .fusion-builder-column-0{width:33.333333333333% !important;margin-top : 0px;margin-bottom : 20px;}.fusion-builder-column-0 > .fusion-column-wrapper {padding-top : 0px !important;padding-right : 1px !important;margin-right : 5.76%;padding-bottom : 0px !important;padding-left : 0px !important;margin-left : 5.76%;}@media only screen and (max-width:1024px) {.fusion-body .fusion-builder-column-0{width:33.333333333333% !important;}.fusion-builder-column-0 > .fusion-column-wrapper {margin-right : 5.76%;margin-left : 5.76%;}}@media only screen and (max-width:640px) {.fusion-body .fusion-builder-column-0{width:100% !important;}.fusion-builder-column-0 > .fusion-column-wrapper {margin-right : 1.92%;margin-left : 1.92%;}}<\/style><\/div><div class=\"fusion-layout-column fusion_builder_column fusion-builder-column-1 fusion_builder_column_2_3 2_3 fusion-flex-column\"><div class=\"fusion-column-wrapper fusion-flex-justify-content-flex-start fusion-content-layout-column\" style=\"background-position:left top;background-blend-mode: overlay;background-repeat:no-repeat;-webkit-background-size:cover;-moz-background-size:cover;-o-background-size:cover;background-size:cover;border-width: 0 0 0 0;border-color:var(--awb-color1);border-style:solid;padding: 0px 0px 0px 20px;\"><div class=\"fusion-text fusion-text-2\"><h3 class=\"st-heading text-left\"><strong style=\"font-size: 16px; line-height: 20px;\" data-fusion-font=\"true\">DANI\u015eMA KURULU<\/strong><\/h3>\n<p style=\"font-size: 16px; line-height: 20px;\" data-fusion-font=\"true\">Murat BAC (Bo\u011fazi\u00e7i \u00dcniversitesi, \u0130stanbul, T\u00fcrkiye)<\/p>\n<p style=\"font-size: 16px; line-height: 20px;\" data-fusion-font=\"true\">Sergio CREMASCHI (Amedeo Avogadro \u00dcniversitesi, Vecelli, \u0130talya)<\/p>\n<p style=\"font-size: 16px; line-height: 20px;\" data-fusion-font=\"true\">Bet\u00fcl \u00c7OTUKS\u00d6KEN (Maltepe \u00dcniversitesi, \u0130stanbul, T\u00fcrkiye)<\/p>\n<p style=\"font-size: 16px; line-height: 20px;\" data-fusion-font=\"true\">Zeynep D\u0130REK (Ko\u00e7 \u00dcniversitesi, \u0130stanbul, T\u00fcrkiye)<\/p>\n<p style=\"font-size: 16px; line-height: 20px;\" data-fusion-font=\"true\">Dionysis DROSOS (Aristoteles \u00dcniversitesi, Selanik, Yunanistan)<\/p>\n<p style=\"font-size: 16px; line-height: 20px;\" data-fusion-font=\"true\">\u00c7i\u011fdem D\u00dcR\u00dc\u015eKEN (\u0130stanbul \u00dcniversitesi, \u0130stanbul, T\u00fcrkiye)<\/p>\n<p style=\"font-size: 16px; line-height: 20px;\" data-fusion-font=\"true\">Richard GUNN (Edinburgh \u00dcniversitesi, Edinburgh, \u0130sko\u00e7ya)<\/p>\n<p style=\"font-size: 16px; line-height: 20px;\" data-fusion-font=\"true\">Mehmet G\u00dcNEN\u00c7 (\u0130stanbul \u00dcniversitesi, \u0130stanbul, T\u00fcrkiye)<\/p>\n<p style=\"font-size: 16px; line-height: 20px;\" data-fusion-font=\"true\">Funda G\u00dcNSOY (Uluda\u011f \u00dcniversitesi, Bursa, T\u00fcrkiye)<\/p>\n<p style=\"font-size: 16px; line-height: 20px;\" data-fusion-font=\"true\">\u00d6zg\u00fc\u00e7 G\u00dcVEN (\u0130stanbul \u00dcniversitesi, \u0130stanbul, T\u00fcrkiye)<\/p>\n<p style=\"font-size: 16px; line-height: 20px;\" data-fusion-font=\"true\">M. Ertan KARDE\u015e (\u0130stanbul \u00dcniversitesi, \u0130stanbul, T\u00fcrkiye)<\/p>\n<p style=\"font-size: 16px; line-height: 20px;\" data-fusion-font=\"true\">Aliye KOVANLIKAYA (Galatasaray \u00dcniversitesi, \u0130stanbul, T\u00fcrkiye)<\/p>\n<p style=\"font-size: 16px; line-height: 20px;\" data-fusion-font=\"true\">Zekiye KUTLUSOY (Maltepe \u00dcniversitesi, \u0130stanbul, T\u00fcrkiye)<\/p>\n<p style=\"font-size: 16px; line-height: 20px;\" data-fusion-font=\"true\">Fania OZ-SALZBERGER (Hayfa Universitesi, Hayfa, \u0130srail)<\/p>\n<p style=\"font-size: 16px; line-height: 20px;\" data-fusion-font=\"true\">Kaan H. \u00d6KTEN (Mimar Sinan \u00dcniversitesi, \u0130stanbul, T\u00fcrkiye)<\/p>\n<p style=\"font-size: 16px; line-height: 20px;\" data-fusion-font=\"true\">Harun TEPE (Hacettepe \u00dcniversitesi, Ankara, T\u00fcrkiye)<\/p>\n<p style=\"font-size: 16px; line-height: 20px;\" data-fusion-font=\"true\">Ahu TUN\u00c7EL (Maltepe \u00dcniversitesi, \u0130stanbul, T\u00fcrkiye)<\/p>\n<p style=\"font-size: 16px; line-height: 20px;\" data-fusion-font=\"true\">\u015e. Halil TURAN (Orta Do\u011fu Teknik \u00dcniversitesi, Ankara, T\u00fcrkiye)<\/p>\n<p style=\"font-size: 16px; line-height: 20px;\" data-fusion-font=\"true\">Mariusz TROWSKI (Wroclaw \u00dcniversitesi, Wroclaw, Polonya)<\/p>\n<p style=\"font-size: 16px; line-height: 20px;\" data-fusion-font=\"true\">Muhsin YILMAZ (Uluda\u011f \u00dcniversitesi, Bursa, T\u00fcrkiye)<\/p>\n<p style=\"font-size: 16px; line-height: 20px;\" data-fusion-font=\"true\">Jure ZOVKO (Zagreb \u00dcniversitesi, Zagreb, H\u0131rvatistan)<\/p>\n<\/div><\/div><style type=\"text\/css\">.fusion-body .fusion-builder-column-1{width:66.666666666667% !important;margin-top : 0px;margin-bottom : 20px;}.fusion-builder-column-1 > .fusion-column-wrapper {padding-top : 0px !important;padding-right : 0px !important;margin-right : 2.88%;padding-bottom : 0px !important;padding-left : 20 !important;margin-left : 2.88%;}@media only screen and (max-width:1024px) {.fusion-body .fusion-builder-column-1{width:66.666666666667% !important;}.fusion-builder-column-1 > .fusion-column-wrapper {margin-right : 2.88%;margin-left : 2.88%;}}@media only screen and (max-width:640px) {.fusion-body .fusion-builder-column-1{width:100% !important;}.fusion-builder-column-1 > .fusion-column-wrapper {margin-right : 1.92%;margin-left : 1.92%;}}<\/style><\/div><\/div><style type=\"text\/css\">.fusion-body .fusion-flex-container.fusion-builder-row-1{ padding-top : 0px;margin-top : 0px;padding-right : 0px;padding-bottom : 0px;margin-bottom : 0px;padding-left : 0px;}<\/style><\/div>\n","protected":false},"excerpt":{"rendered":"","protected":false},"author":1,"featured_media":0,"parent":0,"menu_order":0,"comment_status":"closed","ping_status":"closed","template":"","meta":[],"yoast_head":"<!-- This site is optimized with the Yoast SEO plugin v19.3 - https:\/\/yoast.com\/wordpress\/plugins\/seo\/ -->\r\n<title>kurullar - Felsefi D\u00fc\u015f\u00fcn - Akademik Felsefe Dergisi<\/title>\r\n<meta name=\"description\" content=\"Felsefi D\u00fc\u015f\u00fcn - Akademik Felsefe Dergisi Felsefi D\u00fc\u015f\u00fcn Akademik Felsefe Dergisi - Hakemli Felsefe Dergisi - kurullar Ulakbim TR Dizin kurullar Eylem Yolsal Murteza\" \/>\r\n<meta name=\"robots\" content=\"index, follow, max-snippet:-1, max-image-preview:large, max-video-preview:-1\" \/>\r\n<link rel=\"canonical\" href=\"https:\/\/www.felsefidusun.com\/?page_id=1961\" \/>\r\n<meta property=\"og:locale\" content=\"tr_TR\" \/>\r\n<meta property=\"og:type\" content=\"article\" \/>\r\n<meta property=\"og:title\" content=\"kurullar - Felsefi D\u00fc\u015f\u00fcn - Akademik Felsefe Dergisi\" \/>\r\n<meta property=\"og:description\" content=\"Felsefi D\u00fc\u015f\u00fcn - Akademik Felsefe Dergisi Felsefi D\u00fc\u015f\u00fcn Akademik Felsefe Dergisi - Hakemli Felsefe Dergisi - kurullar Ulakbim TR Dizin kurullar Eylem Yolsal Murteza\" \/>\r\n<meta property=\"og:url\" content=\"https:\/\/www.felsefidusun.com\/?page_id=1961\" \/>\r\n<meta property=\"og:site_name\" content=\"Felsefi D\u00fc\u015f\u00fcn - Akademik Felsefe Dergisi\" \/>\r\n<meta property=\"article:modified_time\" content=\"2022-11-14T12:42:10+00:00\" \/>\r\n<meta name=\"twitter:card\" content=\"summary_large_image\" \/>\r\n<meta name=\"twitter:site\" content=\"@felsefidusun\" \/>\r\n<meta name=\"twitter:label1\" content=\"Tahmini okuma s\u00fcresi\" \/>\n\t<meta name=\"twitter:data1\" content=\"2 dakika\" \/>\r\n<script type=\"application\/ld+json\" class=\"yoast-schema-graph\">{\"@context\":\"https:\/\/schema.org\",\"@graph\":[{\"@type\":[\"Person\",\"Organization\"],\"@id\":\"https:\/\/www.felsefidusun.com\/#\/schema\/person\/3c89e1be5d47746296c8a845ec97bb94\",\"name\":\"admin\",\"image\":{\"@type\":\"ImageObject\",\"inLanguage\":\"tr\",\"@id\":\"https:\/\/www.felsefidusun.com\/#\/schema\/person\/image\/\",\"url\":\"https:\/\/secure.gravatar.com\/avatar\/27e336859eaefc16d4065982ab719dca?s=96&d=mm&r=g\",\"contentUrl\":\"https:\/\/secure.gravatar.com\/avatar\/27e336859eaefc16d4065982ab719dca?s=96&d=mm&r=g\",\"caption\":\"admin\"},\"logo\":{\"@id\":\"https:\/\/www.felsefidusun.com\/#\/schema\/person\/image\/\"}},{\"@type\":\"WebSite\",\"@id\":\"https:\/\/www.felsefidusun.com\/#website\",\"url\":\"https:\/\/www.felsefidusun.com\/\",\"name\":\"Felsefi D\u00fc\u015f\u00fcn - Akademik Felsefe Dergisi\",\"description\":\"Nitelikli D\u00fc\u015f\u00fcnce\",\"publisher\":{\"@id\":\"https:\/\/www.felsefidusun.com\/#\/schema\/person\/3c89e1be5d47746296c8a845ec97bb94\"},\"potentialAction\":[{\"@type\":\"SearchAction\",\"target\":{\"@type\":\"EntryPoint\",\"urlTemplate\":\"https:\/\/www.felsefidusun.com\/?s={search_term_string}\"},\"query-input\":\"required name=search_term_string\"}],\"inLanguage\":\"tr\"},{\"@type\":\"WebPage\",\"@id\":\"https:\/\/www.felsefidusun.com\/?page_id=1961\",\"url\":\"https:\/\/www.felsefidusun.com\/?page_id=1961\",\"name\":\"kurullar - Felsefi D\u00fc\u015f\u00fcn - Akademik Felsefe Dergisi\",\"isPartOf\":{\"@id\":\"https:\/\/www.felsefidusun.com\/#website\"},\"datePublished\":\"2022-07-09T22:20:58+00:00\",\"dateModified\":\"2022-11-14T12:42:10+00:00\",\"description\":\"Felsefi D\u00fc\u015f\u00fcn - Akademik Felsefe Dergisi Felsefi D\u00fc\u015f\u00fcn Akademik Felsefe Dergisi - Hakemli Felsefe Dergisi - kurullar Ulakbim TR Dizin kurullar Eylem Yolsal Murteza\",\"breadcrumb\":{\"@id\":\"https:\/\/www.felsefidusun.com\/?page_id=1961#breadcrumb\"},\"inLanguage\":\"tr\",\"potentialAction\":[{\"@type\":\"ReadAction\",\"target\":[\"https:\/\/www.felsefidusun.com\/?page_id=1961\"]}]},{\"@type\":\"BreadcrumbList\",\"@id\":\"https:\/\/www.felsefidusun.com\/?page_id=1961#breadcrumb\",\"itemListElement\":[{\"@type\":\"ListItem\",\"position\":1,\"name\":\"Home\",\"item\":\"https:\/\/www.felsefidusun.com\/\"},{\"@type\":\"ListItem\",\"position\":2,\"name\":\"kurullar\"}]}]}<\/script>\r\n<!-- \/ Yoast SEO plugin. -->","yoast_head_json":{"title":"kurullar - Felsefi D\u00fc\u015f\u00fcn - Akademik Felsefe Dergisi","description":"Felsefi D\u00fc\u015f\u00fcn - Akademik Felsefe Dergisi Felsefi D\u00fc\u015f\u00fcn Akademik Felsefe Dergisi - Hakemli Felsefe Dergisi - kurullar Ulakbim TR Dizin kurullar Eylem Yolsal Murteza","robots":{"index":"index","follow":"follow","max-snippet":"max-snippet:-1","max-image-preview":"max-image-preview:large","max-video-preview":"max-video-preview:-1"},"canonical":"https:\/\/www.felsefidusun.com\/?page_id=1961","og_locale":"tr_TR","og_type":"article","og_title":"kurullar - Felsefi D\u00fc\u015f\u00fcn - Akademik Felsefe Dergisi","og_description":"Felsefi D\u00fc\u015f\u00fcn - Akademik Felsefe Dergisi Felsefi D\u00fc\u015f\u00fcn Akademik Felsefe Dergisi - Hakemli Felsefe Dergisi - kurullar Ulakbim TR Dizin kurullar Eylem Yolsal Murteza","og_url":"https:\/\/www.felsefidusun.com\/?page_id=1961","og_site_name":"Felsefi D\u00fc\u015f\u00fcn - Akademik Felsefe Dergisi","article_modified_time":"2022-11-14T12:42:10+00:00","twitter_card":"summary_large_image","twitter_site":"@felsefidusun","twitter_misc":{"Tahmini okuma s\u00fcresi":"2 dakika"},"schema":{"@context":"https:\/\/schema.org","@graph":[{"@type":["Person","Organization"],"@id":"https:\/\/www.felsefidusun.com\/#\/schema\/person\/3c89e1be5d47746296c8a845ec97bb94","name":"admin","image":{"@type":"ImageObject","inLanguage":"tr","@id":"https:\/\/www.felsefidusun.com\/#\/schema\/person\/image\/","url":"https:\/\/secure.gravatar.com\/avatar\/27e336859eaefc16d4065982ab719dca?s=96&d=mm&r=g","contentUrl":"https:\/\/secure.gravatar.com\/avatar\/27e336859eaefc16d4065982ab719dca?s=96&d=mm&r=g","caption":"admin"},"logo":{"@id":"https:\/\/www.felsefidusun.com\/#\/schema\/person\/image\/"}},{"@type":"WebSite","@id":"https:\/\/www.felsefidusun.com\/#website","url":"https:\/\/www.felsefidusun.com\/","name":"Felsefi D\u00fc\u015f\u00fcn - Akademik Felsefe Dergisi","description":"Nitelikli D\u00fc\u015f\u00fcnce","publisher":{"@id":"https:\/\/www.felsefidusun.com\/#\/schema\/person\/3c89e1be5d47746296c8a845ec97bb94"},"potentialAction":[{"@type":"SearchAction","target":{"@type":"EntryPoint","urlTemplate":"https:\/\/www.felsefidusun.com\/?s={search_term_string}"},"query-input":"required name=search_term_string"}],"inLanguage":"tr"},{"@type":"WebPage","@id":"https:\/\/www.felsefidusun.com\/?page_id=1961","url":"https:\/\/www.felsefidusun.com\/?page_id=1961","name":"kurullar - Felsefi D\u00fc\u015f\u00fcn - Akademik Felsefe Dergisi","isPartOf":{"@id":"https:\/\/www.felsefidusun.com\/#website"},"datePublished":"2022-07-09T22:20:58+00:00","dateModified":"2022-11-14T12:42:10+00:00","description":"Felsefi D\u00fc\u015f\u00fcn - Akademik Felsefe Dergisi Felsefi D\u00fc\u015f\u00fcn Akademik Felsefe Dergisi - Hakemli Felsefe Dergisi - kurullar Ulakbim TR Dizin kurullar Eylem Yolsal Murteza","breadcrumb":{"@id":"https:\/\/www.felsefidusun.com\/?page_id=1961#breadcrumb"},"inLanguage":"tr","potentialAction":[{"@type":"ReadAction","target":["https:\/\/www.felsefidusun.com\/?page_id=1961"]}]},{"@type":"BreadcrumbList","@id":"https:\/\/www.felsefidusun.com\/?page_id=1961#breadcrumb","itemListElement":[{"@type":"ListItem","position":1,"name":"Home","item":"https:\/\/www.felsefidusun.com\/"},{"@type":"ListItem","position":2,"name":"kurullar"}]}]}},"_links":{"self":[{"href":"https:\/\/www.felsefidusun.com\/index.php?rest_route=\/wp\/v2\/pages\/1961"}],"collection":[{"href":"https:\/\/www.felsefidusun.com\/index.php?rest_route=\/wp\/v2\/pages"}],"about":[{"href":"https:\/\/www.felsefidusun.com\/index.php?rest_route=\/wp\/v2\/types\/page"}],"author":[{"embeddable":true,"href":"https:\/\/www.felsefidusun.com\/index.php?rest_route=\/wp\/v2\/users\/1"}],"replies":[{"embeddable":true,"href":"https:\/\/www.felsefidusun.com\/index.php?rest_route=%2Fwp%2Fv2%2Fcomments&post=1961"}],"version-history":[{"count":2,"href":"https:\/\/www.felsefidusun.com\/index.php?rest_route=\/wp\/v2\/pages\/1961\/revisions"}],"predecessor-version":[{"id":2274,"href":"https:\/\/www.felsefidusun.com\/index.php?rest_route=\/wp\/v2\/pages\/1961\/revisions\/2274"}],"wp:attachment":[{"href":"https:\/\/www.felsefidusun.com\/index.php?rest_route=%2Fwp%2Fv2%2Fmedia&parent=1961"}],"curies":[{"name":"wp","href":"https:\/\/api.w.org\/{rel}","templated":true}]}}