{"id":1956,"date":"2022-07-10T01:17:40","date_gmt":"2022-07-09T22:17:40","guid":{"rendered":"https:\/\/www.felsefidusun.com\/?page_id=1956"},"modified":"2025-04-10T15:53:02","modified_gmt":"2025-04-10T12:53:02","slug":"gelecek-sayilar-sayi-editorleri-ve-temalar","status":"publish","type":"page","link":"https:\/\/www.felsefidusun.com\/?page_id=1956","title":{"rendered":"gelecek say\u0131lar"},"content":{"rendered":"<div class=\"fusion-fullwidth fullwidth-box fusion-builder-row-1 fusion-flex-container nonhundred-percent-fullwidth non-hundred-percent-height-scrolling\" style=\"background-color: rgba(255,255,255,0);background-position: center center;background-repeat: no-repeat;border-width: 0px 0px 0px 0px;border-color:var(--awb-color3);border-style:solid;\" ><div class=\"fusion-builder-row fusion-row fusion-flex-align-items-flex-start\" style=\"max-width:1144px;margin-left: calc(-4% \/ 2 );margin-right: calc(-4% \/ 2 );\"><div class=\"fusion-layout-column fusion_builder_column fusion-builder-column-0 fusion_builder_column_1_2 1_2 fusion-flex-column\"><div class=\"fusion-column-wrapper fusion-flex-justify-content-flex-start fusion-content-layout-column\" style=\"background-position:left top;background-blend-mode: overlay;background-repeat:no-repeat;-webkit-background-size:cover;-moz-background-size:cover;-o-background-size:cover;background-size:cover;padding: 0px 0px 0px 0px;\"><div class=\"fusion-content-boxes content-boxes columns row fusion-columns-1 fusion-columns-total-1 fusion-content-boxes-1 content-boxes-timeline-horizontal content-left content-boxes-icon-on-top content-boxes-timeline-layout fusion-delayed-animation\" data-animation-delay=\"350\" data-animationOffset=\"top-into-view\" style=\"margin-top:;margin-bottom:;\"><style type=\"text\/css\">.fusion-content-boxes-1 .heading .content-box-heading {color:var(--awb-color8);}\n\t\t\t\t\t.fusion-content-boxes-1 .fusion-content-box-hover .link-area-link-icon-hover .heading .content-box-heading,\n\t\t\t\t\t.fusion-content-boxes-1 .fusion-content-box-hover .link-area-link-icon-hover .heading .heading-link .content-box-heading,\n\t\t\t\t\t.fusion-content-boxes-1 .fusion-content-box-hover .link-area-box-hover .heading .content-box-heading,\n\t\t\t\t\t.fusion-content-boxes-1 .fusion-content-box-hover .link-area-box-hover .heading .heading-link .content-box-heading,\n\t\t\t\t\t.fusion-content-boxes-1 .fusion-content-box-hover .link-area-link-icon-hover.link-area-box .fusion-read-more,\n\t\t\t\t\t.fusion-content-boxes-1 .fusion-content-box-hover .link-area-link-icon-hover.link-area-box .fusion-read-more::after,\n\t\t\t\t\t.fusion-content-boxes-1 .fusion-content-box-hover .link-area-link-icon-hover.link-area-box .fusion-read-more::before,\n\t\t\t\t\t.fusion-content-boxes-1 .fusion-content-box-hover .fusion-read-more:hover:after,\n\t\t\t\t\t.fusion-content-boxes-1 .fusion-content-box-hover .fusion-read-more:hover:before,\n\t\t\t\t\t.fusion-content-boxes-1 .fusion-content-box-hover .fusion-read-more:hover,\n\t\t\t\t\t.fusion-content-boxes-1 .fusion-content-box-hover .link-area-box-hover.link-area-box .fusion-read-more,\n\t\t\t\t\t.fusion-content-boxes-1 .fusion-content-box-hover .link-area-box-hover.link-area-box .fusion-read-more::after,\n\t\t\t\t\t.fusion-content-boxes-1 .fusion-content-box-hover .link-area-box-hover.link-area-box .fusion-read-more::before,\n\t\t\t\t\t.fusion-content-boxes-1 .fusion-content-box-hover .link-area-link-icon-hover .icon .circle-no,\n\t\t\t\t\t.fusion-content-boxes-1 .heading .heading-link:hover .content-box-heading {\n\t\t\t\t\t\tcolor: var(--awb-color8);\n\t\t\t\t\t}\n\t\t\t\t\t.fusion-content-boxes-1 .fusion-content-box-hover .link-area-box-hover .icon .circle-no {\n\t\t\t\t\t\tcolor: var(--awb-color8) !important;\n\t\t\t\t\t}.fusion-content-boxes-1 .fusion-content-box-hover .link-area-box.link-area-box-hover .fusion-content-box-button {background: hsla(var(--awb-color5-h),calc(var(--awb-color5-s) - 5%),calc(var(--awb-color5-l) - 10%),var(--awb-color5-a));color: var(--awb-color1);}.fusion-content-boxes-1 .fusion-content-box-hover .link-area-box.link-area-box-hover .fusion-content-box-button .fusion-button-text {color: var(--awb-color1);}\n\t\t\t\t\t.fusion-content-boxes-1 .fusion-content-box-hover .link-area-link-icon-hover .heading .icon > span {\n\t\t\t\t\t\tbackground-color: transparent !important;\n\t\t\t\t\t}\n\t\t\t\t\t.fusion-content-boxes-1 .fusion-content-box-hover .link-area-box-hover .heading .icon > span {\n\t\t\t\t\t\tborder-color: var(--awb-color8) !important;\n\t\t\t\t\t}<\/style><div class=\"fusion-column content-box-column content-box-column content-box-column-1 col-lg-12 col-md-12 col-sm-12 fusion-content-box-hover content-box-column-last content-box-column-last-in-row\"><div class=\"col content-box-wrapper content-wrapper-background link-area-link-icon icon-hover-animation-none fusion-animated\" style=\"background-color:#f9f9f9;\" data-animationType=\"fadeIn\" data-animationDuration=\"0.25\" data-animationOffset=\"top-into-view\"><div class=\"heading heading-with-icon icon-left\"><div class=\"icon\" style=\"-webkit-animation-duration: 350ms;animation-duration: 350ms;\"><i style=\"background-color:transparent;border-color:transparent;height:auto;width: 35px;line-height:normal;color:#ea6e6e;font-size:35px;\" aria-hidden=\"true\" class=\"fontawesome-icon fa-fast-forward fas circle-no\"><\/i><\/div><h2 class=\"content-box-heading fusion-responsive-typography-calculated\" style=\"font-size:22px;--fontSize:22;line-height:1.5;\">Felsefi D\u00fc\u015f\u00fcn Say\u0131:25 \/ Zihin Felsefesi<\/h2><\/div><div class=\"fusion-clearfix\"><\/div><div class=\"content-container\" style=\"color:var(--awb-color8);\">\n<p style=\"text-align: left;\">\u00a0<span class=\"fontstyle0\">Felsefi D\u00fc\u015f\u00fcn <\/span><span class=\"fontstyle2\">dergisi bu say\u0131s\u0131n\u0131 zihin felsefesine ay\u0131rmaktad\u0131r. Bilin\u00e7, zihin-beden sorunu, fiziksel d\u00fcnyada zihnin ya da bilincin yerinin ne oldu\u011fu, beyin-bilin\u00e7 ili\u015fkisi, yapay zek\u00e2 ve duygulara ili\u015fkin temel tart\u0131\u015fmalar\u0131 ele alan \u00e7al\u0131\u015fmalara yer vermeyi hedefleyen bu say\u0131m\u0131z\u0131n oda\u011f\u0131nda, \u00e7a\u011fda\u015f zihin felsefesindeki temel yakla\u015f\u0131mlar\u0131n zihni (bilinci) sistematik yolla nas\u0131l de\u011ferlendirdikleri yer alacakt\u0131r. Bilin\u00e7 (ya da zihin) halen gizemini korumaktad\u0131r ve yayg\u0131n kanaat, bilincin neden ve nas\u0131l ortaya \u00e7\u0131kt\u0131\u011f\u0131n\u0131 de\u011ferlendirdiklerinde ve bilince indirgemeci bir yakla\u015f\u0131m sergilediklerinde temel yakla\u015f\u0131mlar\u0131n \u2018zor problem\u2019 ile kar\u015f\u0131 kar\u015f\u0131ya kalaca\u011f\u0131d\u0131r. Fiziksel bir sisteme sahip bir \u015fey olarak beynin nas\u0131l olup ta kendisi gibi fiziksel olamayan bir \u015feye, yani bilince yol a\u00e7abildi\u011fine ili\u015fkin bilimsel bir a\u00e7\u0131klama olana\u011f\u0131 \u00fczerinden tart\u0131\u015fmalar halen canl\u0131 bir bi\u00e7imde devam etmektedir. K\u0131sacas\u0131 bu say\u0131m\u0131z zihin felsefesine ait t\u00fcm g\u00fcncel sorunlara yer vermeyi ve tart\u0131\u015fmay\u0131 hedeflemektedir.<\/span><\/p>\n<p style=\"text-align: center;\"><strong>Say\u0131 Edit\u00f6r\u00fc:<\/strong> Ahmet EY\u0130M (Van Y\u00fcz\u00fcnc\u00fc Y\u0131l \u00dcniversitesi)<br \/>\n<em>Makale G\u00f6ndermek \u0130\u00e7in Son Tarih:<\/em> 1 Aral\u0131k 2025<\/p>\n<\/div><\/div><\/div><style type=\"text\/css\">\n\t\t\t\t\t\t.fusion-content-boxes-1 .fusion-content-box-hover .heading-link:hover .icon i.circle-yes,\n\t\t\t\t\t\t.fusion-content-boxes-1 .fusion-content-box-hover .link-area-box:hover .heading-link .icon i.circle-yes,\n\t\t\t\t\t\t.fusion-content-boxes-1 .fusion-content-box-hover .link-area-link-icon-hover .heading .icon i.circle-yes,\n\t\t\t\t\t\t.fusion-content-boxes-1 .fusion-content-box-hover .link-area-box-hover .heading .icon i.circle-yes {\n\t\t\t\t\t\t\tbackground-color: transparent !important;\n\t\t\t\t\t\t\tborder-color: var(--awb-color8) !important;\n\t\t\t\t\t\t}<\/style><div class=\"fusion-clearfix\"><\/div><\/div><\/div><style type=\"text\/css\">.fusion-body .fusion-builder-column-0{width:50% !important;margin-top : 0px;margin-bottom : 20px;}.fusion-builder-column-0 > .fusion-column-wrapper {padding-top : 0px !important;padding-right : 0px !important;margin-right : 3.84%;padding-bottom : 0px !important;padding-left : 0px !important;margin-left : 3.84%;}@media only screen and (max-width:1024px) {.fusion-body .fusion-builder-column-0{width:50% !important;}.fusion-builder-column-0 > .fusion-column-wrapper {margin-right : 3.84%;margin-left : 3.84%;}}@media only screen and (max-width:640px) {.fusion-body .fusion-builder-column-0{width:100% !important;}.fusion-builder-column-0 > .fusion-column-wrapper {margin-right : 1.92%;margin-left : 1.92%;}}<\/style><\/div><\/div><style type=\"text\/css\">.fusion-body .fusion-flex-container.fusion-builder-row-1{ padding-top : 0px;margin-top : 0px;padding-right : 0px;padding-bottom : 0px;margin-bottom : 0px;padding-left : 0px;}<\/style><\/div>\n","protected":false},"excerpt":{"rendered":"","protected":false},"author":1,"featured_media":0,"parent":0,"menu_order":0,"comment_status":"closed","ping_status":"closed","template":"","meta":[],"yoast_head":"<!-- This site is optimized with the Yoast SEO plugin v19.3 - https:\/\/yoast.com\/wordpress\/plugins\/seo\/ -->\r\n<title>gelecek say\u0131lar - Felsefi D\u00fc\u015f\u00fcn - Akademik Felsefe Dergisi<\/title>\r\n<meta name=\"description\" content=\"Felsefi D\u00fc\u015f\u00fcn - Akademik Felsefe Dergisi - gelecek say\u0131lar - Say\u0131 Edit\u00f6rleri ve Temalar - Makale G\u00f6ndermek \u0130\u00e7in Son Tarihler\" \/>\r\n<meta name=\"robots\" content=\"index, follow, max-snippet:-1, max-image-preview:large, max-video-preview:-1\" \/>\r\n<link rel=\"canonical\" href=\"https:\/\/www.felsefidusun.com\/?page_id=1956\" \/>\r\n<meta property=\"og:locale\" content=\"tr_TR\" \/>\r\n<meta property=\"og:type\" content=\"article\" \/>\r\n<meta property=\"og:title\" content=\"gelecek say\u0131lar - Felsefi D\u00fc\u015f\u00fcn - Akademik Felsefe Dergisi\" \/>\r\n<meta property=\"og:description\" content=\"Felsefi D\u00fc\u015f\u00fcn - Akademik Felsefe Dergisi - gelecek say\u0131lar - Say\u0131 Edit\u00f6rleri ve Temalar - Makale G\u00f6ndermek \u0130\u00e7in Son Tarihler\" \/>\r\n<meta property=\"og:url\" content=\"https:\/\/www.felsefidusun.com\/?page_id=1956\" \/>\r\n<meta property=\"og:site_name\" content=\"Felsefi D\u00fc\u015f\u00fcn - Akademik Felsefe Dergisi\" \/>\r\n<meta property=\"article:modified_time\" content=\"2025-04-10T12:53:02+00:00\" \/>\r\n<meta name=\"twitter:card\" content=\"summary_large_image\" \/>\r\n<meta name=\"twitter:site\" content=\"@felsefidusun\" \/>\r\n<meta name=\"twitter:label1\" content=\"Tahmini okuma s\u00fcresi\" \/>\n\t<meta name=\"twitter:data1\" content=\"2 dakika\" \/>\r\n<script type=\"application\/ld+json\" class=\"yoast-schema-graph\">{\"@context\":\"https:\/\/schema.org\",\"@graph\":[{\"@type\":[\"Person\",\"Organization\"],\"@id\":\"https:\/\/www.felsefidusun.com\/#\/schema\/person\/3c89e1be5d47746296c8a845ec97bb94\",\"name\":\"admin\",\"image\":{\"@type\":\"ImageObject\",\"inLanguage\":\"tr\",\"@id\":\"https:\/\/www.felsefidusun.com\/#\/schema\/person\/image\/\",\"url\":\"https:\/\/secure.gravatar.com\/avatar\/27e336859eaefc16d4065982ab719dca?s=96&d=mm&r=g\",\"contentUrl\":\"https:\/\/secure.gravatar.com\/avatar\/27e336859eaefc16d4065982ab719dca?s=96&d=mm&r=g\",\"caption\":\"admin\"},\"logo\":{\"@id\":\"https:\/\/www.felsefidusun.com\/#\/schema\/person\/image\/\"}},{\"@type\":\"WebSite\",\"@id\":\"https:\/\/www.felsefidusun.com\/#website\",\"url\":\"https:\/\/www.felsefidusun.com\/\",\"name\":\"Felsefi D\u00fc\u015f\u00fcn - Akademik Felsefe Dergisi\",\"description\":\"Nitelikli D\u00fc\u015f\u00fcnce\",\"publisher\":{\"@id\":\"https:\/\/www.felsefidusun.com\/#\/schema\/person\/3c89e1be5d47746296c8a845ec97bb94\"},\"potentialAction\":[{\"@type\":\"SearchAction\",\"target\":{\"@type\":\"EntryPoint\",\"urlTemplate\":\"https:\/\/www.felsefidusun.com\/?s={search_term_string}\"},\"query-input\":\"required name=search_term_string\"}],\"inLanguage\":\"tr\"},{\"@type\":\"WebPage\",\"@id\":\"https:\/\/www.felsefidusun.com\/?page_id=1956\",\"url\":\"https:\/\/www.felsefidusun.com\/?page_id=1956\",\"name\":\"gelecek say\u0131lar - Felsefi D\u00fc\u015f\u00fcn - Akademik Felsefe Dergisi\",\"isPartOf\":{\"@id\":\"https:\/\/www.felsefidusun.com\/#website\"},\"datePublished\":\"2022-07-09T22:17:40+00:00\",\"dateModified\":\"2025-04-10T12:53:02+00:00\",\"description\":\"Felsefi D\u00fc\u015f\u00fcn - Akademik Felsefe Dergisi - gelecek say\u0131lar - Say\u0131 Edit\u00f6rleri ve Temalar - Makale G\u00f6ndermek \u0130\u00e7in Son Tarihler\",\"breadcrumb\":{\"@id\":\"https:\/\/www.felsefidusun.com\/?page_id=1956#breadcrumb\"},\"inLanguage\":\"tr\",\"potentialAction\":[{\"@type\":\"ReadAction\",\"target\":[\"https:\/\/www.felsefidusun.com\/?page_id=1956\"]}]},{\"@type\":\"BreadcrumbList\",\"@id\":\"https:\/\/www.felsefidusun.com\/?page_id=1956#breadcrumb\",\"itemListElement\":[{\"@type\":\"ListItem\",\"position\":1,\"name\":\"Home\",\"item\":\"https:\/\/www.felsefidusun.com\/\"},{\"@type\":\"ListItem\",\"position\":2,\"name\":\"gelecek say\u0131lar\"}]}]}<\/script>\r\n<!-- \/ Yoast SEO plugin. -->","yoast_head_json":{"title":"gelecek say\u0131lar - Felsefi D\u00fc\u015f\u00fcn - Akademik Felsefe Dergisi","description":"Felsefi D\u00fc\u015f\u00fcn - Akademik Felsefe Dergisi - gelecek say\u0131lar - Say\u0131 Edit\u00f6rleri ve Temalar - Makale G\u00f6ndermek \u0130\u00e7in Son Tarihler","robots":{"index":"index","follow":"follow","max-snippet":"max-snippet:-1","max-image-preview":"max-image-preview:large","max-video-preview":"max-video-preview:-1"},"canonical":"https:\/\/www.felsefidusun.com\/?page_id=1956","og_locale":"tr_TR","og_type":"article","og_title":"gelecek say\u0131lar - Felsefi D\u00fc\u015f\u00fcn - Akademik Felsefe Dergisi","og_description":"Felsefi D\u00fc\u015f\u00fcn - Akademik Felsefe Dergisi - gelecek say\u0131lar - Say\u0131 Edit\u00f6rleri ve Temalar - Makale G\u00f6ndermek \u0130\u00e7in Son Tarihler","og_url":"https:\/\/www.felsefidusun.com\/?page_id=1956","og_site_name":"Felsefi D\u00fc\u015f\u00fcn - Akademik Felsefe Dergisi","article_modified_time":"2025-04-10T12:53:02+00:00","twitter_card":"summary_large_image","twitter_site":"@felsefidusun","twitter_misc":{"Tahmini okuma s\u00fcresi":"2 dakika"},"schema":{"@context":"https:\/\/schema.org","@graph":[{"@type":["Person","Organization"],"@id":"https:\/\/www.felsefidusun.com\/#\/schema\/person\/3c89e1be5d47746296c8a845ec97bb94","name":"admin","image":{"@type":"ImageObject","inLanguage":"tr","@id":"https:\/\/www.felsefidusun.com\/#\/schema\/person\/image\/","url":"https:\/\/secure.gravatar.com\/avatar\/27e336859eaefc16d4065982ab719dca?s=96&d=mm&r=g","contentUrl":"https:\/\/secure.gravatar.com\/avatar\/27e336859eaefc16d4065982ab719dca?s=96&d=mm&r=g","caption":"admin"},"logo":{"@id":"https:\/\/www.felsefidusun.com\/#\/schema\/person\/image\/"}},{"@type":"WebSite","@id":"https:\/\/www.felsefidusun.com\/#website","url":"https:\/\/www.felsefidusun.com\/","name":"Felsefi D\u00fc\u015f\u00fcn - Akademik Felsefe Dergisi","description":"Nitelikli D\u00fc\u015f\u00fcnce","publisher":{"@id":"https:\/\/www.felsefidusun.com\/#\/schema\/person\/3c89e1be5d47746296c8a845ec97bb94"},"potentialAction":[{"@type":"SearchAction","target":{"@type":"EntryPoint","urlTemplate":"https:\/\/www.felsefidusun.com\/?s={search_term_string}"},"query-input":"required name=search_term_string"}],"inLanguage":"tr"},{"@type":"WebPage","@id":"https:\/\/www.felsefidusun.com\/?page_id=1956","url":"https:\/\/www.felsefidusun.com\/?page_id=1956","name":"gelecek say\u0131lar - Felsefi D\u00fc\u015f\u00fcn - Akademik Felsefe Dergisi","isPartOf":{"@id":"https:\/\/www.felsefidusun.com\/#website"},"datePublished":"2022-07-09T22:17:40+00:00","dateModified":"2025-04-10T12:53:02+00:00","description":"Felsefi D\u00fc\u015f\u00fcn - Akademik Felsefe Dergisi - gelecek say\u0131lar - Say\u0131 Edit\u00f6rleri ve Temalar - Makale G\u00f6ndermek \u0130\u00e7in Son Tarihler","breadcrumb":{"@id":"https:\/\/www.felsefidusun.com\/?page_id=1956#breadcrumb"},"inLanguage":"tr","potentialAction":[{"@type":"ReadAction","target":["https:\/\/www.felsefidusun.com\/?page_id=1956"]}]},{"@type":"BreadcrumbList","@id":"https:\/\/www.felsefidusun.com\/?page_id=1956#breadcrumb","itemListElement":[{"@type":"ListItem","position":1,"name":"Home","item":"https:\/\/www.felsefidusun.com\/"},{"@type":"ListItem","position":2,"name":"gelecek say\u0131lar"}]}]}},"_links":{"self":[{"href":"https:\/\/www.felsefidusun.com\/index.php?rest_route=\/wp\/v2\/pages\/1956"}],"collection":[{"href":"https:\/\/www.felsefidusun.com\/index.php?rest_route=\/wp\/v2\/pages"}],"about":[{"href":"https:\/\/www.felsefidusun.com\/index.php?rest_route=\/wp\/v2\/types\/page"}],"author":[{"embeddable":true,"href":"https:\/\/www.felsefidusun.com\/index.php?rest_route=\/wp\/v2\/users\/1"}],"replies":[{"embeddable":true,"href":"https:\/\/www.felsefidusun.com\/index.php?rest_route=%2Fwp%2Fv2%2Fcomments&post=1956"}],"version-history":[{"count":15,"href":"https:\/\/www.felsefidusun.com\/index.php?rest_route=\/wp\/v2\/pages\/1956\/revisions"}],"predecessor-version":[{"id":2263,"href":"https:\/\/www.felsefidusun.com\/index.php?rest_route=\/wp\/v2\/pages\/1956\/revisions\/2263"}],"wp:attachment":[{"href":"https:\/\/www.felsefidusun.com\/index.php?rest_route=%2Fwp%2Fv2%2Fmedia&parent=1956"}],"curies":[{"name":"wp","href":"https:\/\/api.w.org\/{rel}","templated":true}]}}